{"id":22,"date":"2016-02-12T08:11:05","date_gmt":"2016-02-12T08:11:05","guid":{"rendered":"http:\/\/demos.famethemes.com\/onepress\/?page_id=22"},"modified":"2026-02-04T18:21:32","modified_gmt":"2026-02-04T15:21:32","slug":"our-vision","status":"publish","type":"page","link":"http:\/\/www.zaferosb.com.tr\/index.php\/our-vision\/","title":{"rendered":"Ges \u0130lanlar\u0131"},"content":{"rendered":"<table width=\"1663\">\n<tbody>\n<tr>\n<td colspan=\"11\" width=\"1663\"><strong>K\u00dcTAHYA ALTINTA\u015e ZAFER ORGAN\u0130ZE SANAY\u0130 B\u00d6LGES\u0130 M\u00dcD\u00dcRL\u00dc\u011e\u00dc &#8211; Lisanss\u0131z Elektrik \u00dcretimi Ba\u015fvuru Bilgileri (12.05.2019 Tarihli Y\u00f6netmelik Kapsam\u0131nda) &#8211; EVRAK Y\u00d6N\u00dcNDEN DE\u011eERLEND\u0130RME &#8211; YAYINLAMA TAR\u0130H\u0130 21\/01\/2026<\/strong><\/td>\n<\/tr>\n<tr>\n<td>S\u0131ra No<\/td>\n<td>Ba\u015fvuru Tarihi<\/td>\n<td>Ba\u015fvuru No<\/td>\n<td>Santral Ad\u0131<\/td>\n<td width=\"96\">Kurulu G\u00fcc\u00fc<br \/>\n(MW)<\/td>\n<td width=\"97\">Kaynak T\u00fcr\u00fc<\/td>\n<td width=\"186\">Santralin Adresi<\/td>\n<td width=\"299\">Firma\/\u015eah\u0131s Ad\u0131<\/td>\n<td width=\"204\">Abone\/M\u00fc\u015fteri Numaras\u0131<\/td>\n<td width=\"174\">De\u011ferlendirme Sonucu<\/td>\n<td width=\"190\">Sonu\u00e7<\/td>\n<\/tr>\n<tr>\n<td>1<\/td>\n<td>31.12.2025<\/td>\n<td>1<\/td>\n<td>EUROPEN K\u00dcTAHYA GES<\/td>\n<td>7,35<\/td>\n<td>G\u00dcNE\u015e<\/td>\n<td width=\"186\">Sevdi\u011fin k\u00f6y\u00fc 8. cadde no:2 Alt\u0131nta\u015f\/K\u00dcTAHYA<\/td>\n<td>EUROPEN END\u00dcSTR\u0130 \u0130N\u015eAAT SAN. VE T\u0130C. A.\u015e.<\/td>\n<td>E-010<\/td>\n<td width=\"174\">Evrak Y\u00f6n\u00fcnden De\u011ferlendirme Yap\u0131lm\u0131\u015ft\u0131r. Eksik Evrak Yoktur.<\/td>\n<td>Olumlu<\/td>\n<\/tr>\n<\/tbody>\n<\/table>\n","protected":false},"excerpt":{"rendered":"<p>K\u00dcTAHYA ALTINTA\u015e ZAFER ORGAN\u0130ZE SANAY\u0130 B\u00d6LGES\u0130 M\u00dcD\u00dcRL\u00dc\u011e\u00dc &#8211; Lisanss\u0131z Elektrik \u00dcretimi Ba\u015fvuru Bilgileri (12.05.2019 Tarihli Y\u00f6netmelik Kapsam\u0131nda) &#8211; EVRAK Y\u00d6N\u00dcNDEN DE\u011eERLEND\u0130RME &#8211; YAYINLAMA TAR\u0130H\u0130 21\/01\/2026 S\u0131ra No Ba\u015fvuru Tarihi Ba\u015fvuru &#8230;<\/p>\n","protected":false},"author":1,"featured_media":1567,"parent":0,"menu_order":0,"comment_status":"closed","ping_status":"closed","template":"","meta":[],"_links":{"self":[{"href":"http:\/\/www.zaferosb.com.tr\/index.php\/wp-json\/wp\/v2\/pages\/22"}],"collection":[{"href":"http:\/\/www.zaferosb.com.tr\/index.php\/wp-json\/wp\/v2\/pages"}],"about":[{"href":"http:\/\/www.zaferosb.com.tr\/index.php\/wp-json\/wp\/v2\/types\/page"}],"author":[{"embeddable":true,"href":"http:\/\/www.zaferosb.com.tr\/index.php\/wp-json\/wp\/v2\/users\/1"}],"replies":[{"embeddable":true,"href":"http:\/\/www.zaferosb.com.tr\/index.php\/wp-json\/wp\/v2\/comments?post=22"}],"version-history":[{"count":4,"href":"http:\/\/www.zaferosb.com.tr\/index.php\/wp-json\/wp\/v2\/pages\/22\/revisions"}],"predecessor-version":[{"id":1585,"href":"http:\/\/www.zaferosb.com.tr\/index.php\/wp-json\/wp\/v2\/pages\/22\/revisions\/1585"}],"wp:featuredmedia":[{"embeddable":true,"href":"http:\/\/www.zaferosb.com.tr\/index.php\/wp-json\/wp\/v2\/media\/1567"}],"wp:attachment":[{"href":"http:\/\/www.zaferosb.com.tr\/index.php\/wp-json\/wp\/v2\/media?parent=22"}],"curies":[{"name":"wp","href":"https:\/\/api.w.org\/{rel}","templated":true}]}}