{"id":21,"date":"2016-02-12T08:10:47","date_gmt":"2016-02-12T08:10:47","guid":{"rendered":"http:\/\/demos.famethemes.com\/onepress\/?page_id=21"},"modified":"2024-10-16T19:48:29","modified_gmt":"2024-10-16T16:48:29","slug":"our-achievements","status":"publish","type":"page","link":"http:\/\/www.zaferosb.com.tr\/index.php\/our-achievements\/","title":{"rendered":"Te\u015fvik"},"content":{"rendered":"<p>K\u00fctahya yat\u0131r\u0131m ve te\u015fvikler y\u00f6n\u00fcnden 4.B\u00f6lgede olup ,ilimizde uygulanmakta olan 5350 say\u0131l\u0131 kanunla 5084 say\u0131l\u0131 Yat\u0131r\u0131mlar\u0131n ve \u0130stihdam\u0131n Artt\u0131r\u0131lmas\u0131 Hakk\u0131ndaki Kanun Kapsam\u0131ndaki te\u015fviklere ilave olarak b\u00f6lgesel ve sekt\u00f6rel te\u015fvikleri gelmi\u015ftir. Yat\u0131r\u0131m\u0131n, Te\u015fvik Belgesine ba\u011flanabilmesi i\u00e7in asgari sabit yat\u0131r\u0131m tutar\u0131n\u0131n 500.000 T\u00fcrk Liras\u0131 (bu tutar b\u00f6lge baz\u0131nda desteklenen baz\u0131 sekt\u00f6rler i\u00e7in daha fazla olabilir)olmas\u0131 gerekmektedir.Asgari yat\u0131r\u0131m tutarlar\u0131 ve kapasiteleri ile ilgili detaylar\u0131 2012\/ 3305 say\u0131l\u0131 Bakanlar kurulu karar\u0131n\u0131n Ek-2 tablosunda belirtilmi\u015ftir.<\/p>\n<p>01.01.2014 tarihinden sonraki OSB i\u00e7i yat\u0131r\u0131mlarda<\/p>\n<p>Vergi \u0130ndirimi deste\u011fi<\/p>\n<p>-Yat\u0131r\u0131ma katk\u0131 oran\u0131 % 30<\/p>\n<p>-Vergi \u0130ndirini oran\u0131 % 70<\/p>\n<p>Sigorta primi i\u015fveren hissesi deste\u011fi 6 y\u0131l<\/p>\n<p>Faiz deste\u011fi TL (puan) :4 (azami destek 600.000 TL)<\/p>\n<p>D\u0131\u015f\/D\u00f6viz kredisi (puan) :1 (azami destek 600.000 TL)<\/p>\n<p>Kdv istisnas\u0131:T\u00fcm sekt\u00f6rlerdeki te\u015fvik belgeli yat\u0131r\u0131mlar<\/p>\n<p>G\u00fcmr\u00fck vergisi muafiyeti: T\u00fcm sekt\u00f6rlerdeki te\u015fvik belgeli yat\u0131r\u0131mlar<\/p>\n<p>\u0130mkanlar\u0131 vard\u0131r.<\/p>\n","protected":false},"excerpt":{"rendered":"<p>Te\u015fvikler, Kolayl\u0131klar&#8230;<\/p>\n","protected":false},"author":1,"featured_media":1286,"parent":0,"menu_order":0,"comment_status":"closed","ping_status":"closed","template":"","meta":[],"_links":{"self":[{"href":"http:\/\/www.zaferosb.com.tr\/index.php\/wp-json\/wp\/v2\/pages\/21"}],"collection":[{"href":"http:\/\/www.zaferosb.com.tr\/index.php\/wp-json\/wp\/v2\/pages"}],"about":[{"href":"http:\/\/www.zaferosb.com.tr\/index.php\/wp-json\/wp\/v2\/types\/page"}],"author":[{"embeddable":true,"href":"http:\/\/www.zaferosb.com.tr\/index.php\/wp-json\/wp\/v2\/users\/1"}],"replies":[{"embeddable":true,"href":"http:\/\/www.zaferosb.com.tr\/index.php\/wp-json\/wp\/v2\/comments?post=21"}],"version-history":[{"count":2,"href":"http:\/\/www.zaferosb.com.tr\/index.php\/wp-json\/wp\/v2\/pages\/21\/revisions"}],"predecessor-version":[{"id":1288,"href":"http:\/\/www.zaferosb.com.tr\/index.php\/wp-json\/wp\/v2\/pages\/21\/revisions\/1288"}],"wp:featuredmedia":[{"embeddable":true,"href":"http:\/\/www.zaferosb.com.tr\/index.php\/wp-json\/wp\/v2\/media\/1286"}],"wp:attachment":[{"href":"http:\/\/www.zaferosb.com.tr\/index.php\/wp-json\/wp\/v2\/media?parent=21"}],"curies":[{"name":"wp","href":"https:\/\/api.w.org\/{rel}","templated":true}]}}