{"id":17,"date":"2016-02-12T08:09:36","date_gmt":"2016-02-12T08:09:36","guid":{"rendered":"http:\/\/demos.famethemes.com\/onepress\/?page_id=17"},"modified":"2024-10-16T20:51:23","modified_gmt":"2024-10-16T17:51:23","slug":"tarihce","status":"publish","type":"page","link":"http:\/\/www.zaferosb.com.tr\/index.php\/tarihce\/","title":{"rendered":"Bilgiler"},"content":{"rendered":"<p><strong>TAR\u0130H\u00c7E:<\/strong> K\u00fctahya Alt\u0131nta\u015f Zafer Organize Sanayi B\u00f6lgesi nin kurulum \u00e7al\u0131\u015fmalar\u0131na\u00a02015 tarihinde ba\u015flan\u0131lm\u0131\u015f, Sanayi ve Ticaret Bakanl\u0131\u011f\u0131n\u0131n\u00a016.01.2017 tarihli ve 327 sicil numaras\u0131 ile kurulmu\u015ftur. K\u00fctahya \u0130l \u00d6zel \u0130daresi %34 K\u00fctahya Belediyesi %33 K\u00fctahya Sanayi ve Ticaret Odas\u0131\u2019n\u0131n %33 ortak hisseler oran\u0131nda hissesi bulunmaktad\u0131r.<\/p>\n<p><strong>KONUM-LOJ\u0130ST\u0130K:\u00a0<\/strong>K\u00fctahya Alt\u0131nta\u015f Zafer Organize Sanayi B\u00f6lgesi K\u00fctahya \u2013\u00a0Afyonkarahisar karayolu \u00fczerinde K\u00fctahya \u0130l Merkezine\u00a030 km mesafede olup b\u00fcy\u00fckl\u00fc\u011f\u00fc\u00a0565 hektard\u0131r. OSB konumu nedeniyle b\u00fcy\u00fck metropollere e\u015fit uzakl\u0131kta say\u0131labilecek(300 km) bir mesafededir. Organize Sanayi B\u00f6lgemizden T\u00fcrkiye\u2019nin t\u00fcm b\u00f6lgelerine rayl\u0131 sistemle ta\u015f\u0131mac\u0131l\u0131\u011f\u0131 sa\u011flamak amac\u0131yla hat ve y\u00fckleme rampas\u0131 yap\u0131lmas\u0131 hususunda \u00e7al\u0131\u015fmalar s\u00fcrmektedir. Zafer Hava alan\u0131na\u00a05 km olup \u0130stanbul-Antalya YHT hatt\u0131n\u0131n bir istasyonu, havaalan\u0131 ile OSB aras\u0131ndaki bir konuma yap\u0131lacak olup, OSB ve Havaalan\u0131n m\u00fc\u015fterek faydalanmas\u0131 ama\u00e7lanmaktad\u0131r.\u00a0 Gemlik liman\u0131na 250 km mesafede olmas\u0131,ula\u015f\u0131m ve deniz yolu ta\u015f\u0131mac\u0131l\u0131\u011f\u0131 y\u00f6n\u00fcnden de avantajl\u0131d\u0131r.Yine Ankara-\u0130zmir otoyolu OSB&#8217;ye 10 km mesafeden ge\u00e7ecektir.<\/p>\n<p><strong>ARSA TAHS\u0130S DURUMU:<\/strong> K\u00fctahya\u00a0Alt\u0131nta\u015f Zafer Organize Sanayi B\u00f6lgesi Organize Sanayi B\u00f6lgeleri y\u00f6netmeli\u011fi kapsam\u0131ndaki her sekt\u00f6re tahsis yapabilen karma bir OSB\u2019dir.<\/p>\n<p>OSB 565 hektar alana sahip olup imar plan\u0131 380 ve 185 hektar olarak 2 etapl\u0131 planlanm\u0131\u015ft\u0131r.<\/p>\n<h4><strong>ALT YAPI \u00c7ALI\u015eMALARI<\/strong><\/h4>\n<p><strong>YOL:\u00a0<\/strong>1.Etapta 7,5-30 mt geni\u015fli\u011finde 8 tip yol bulunmakta olup, 14 km yol uzunlu\u011fu vard\u0131r. Yollardaki 433.000 m\u00b3 kaz\u0131-dolgu ve g\u00fczergah a\u00e7\u0131lmas\u0131 \u00e7al\u0131\u015fmalar\u0131 tamamlanm\u0131\u015ft\u0131r.<\/p>\n<p>10 Km yolun beton kilit ta\u015f\u0131 kaplamas\u0131 tamamlanm\u0131\u015ft\u0131r.<\/p>\n<p><strong>ELEKTR\u0130K:<\/strong> OSB-Alt\u0131nta\u015f TM aras\u0131 12 km enerji iletim hatt\u0131 yap\u0131m \u00e7al\u0131\u015fmalar\u0131 ile\u00a0Organize Sanayi B\u00f6lgemiz elektrik i\u00e7 da\u011f\u0131t\u0131m \u015febekesi ve \u00e7evre ayd\u0131nlatma i\u015fi tamamlanm\u0131\u015ft\u0131r. Organize Sanayi B\u00f6lgemi EPDK Elektrik Da\u011f\u0131t\u0131m Lisans\u0131na sahiptir.<\/p>\n<p><strong>DO\u011eALGAZ:\u00a0<\/strong>Organize Sanayi B\u00f6lgemize yakla\u015f\u0131k 9,25 km mesafeden ge\u00e7en Bursa-Se\u00e7k\u00f6y\/Afyonkarahisar do\u011falgaz hatt\u0131ndan; Organize Sanayi B\u00f6lgemize 8 in\u00e7 do\u011falgaz hatt\u0131, 2 adet P\u0130G istasyonu ile birlikte\u00a0OSB i\u00e7 do\u011falgaz hatlar\u0131, 2 adet 5.000 sm\u00b3 B\u00f6lge Reg\u00fclat\u00f6r\u00fc ve 20.000 sm\u00b3 kapasiteli RMS-A istasyonunun yap\u0131m\u0131 tamamlanm\u0131\u015ft\u0131r.<\/p>\n<p><strong>TEM\u0130Z\u00a0SU :\u00a0\u00a0\u00a0<\/strong>Temizsu hatlar\u0131n\u0131n yap\u0131m\u0131 tamamlanm\u0131\u015ft\u0131r.<\/p>\n<p><strong>ATIK SU :\u00a0\u00a0 <\/strong>At\u0131ksu\u00a0hatlar\u0131n\u0131n yap\u0131m\u0131 tamamlanm\u0131\u015ft\u0131r.<\/p>\n<p><strong>YA\u011eMURSUYU\u00a0:\u00a0\u00a0<\/strong>\u00a0Ya\u011fmursuyu hatlar\u0131n\u0131n yap\u0131m\u0131 tamamlanm\u0131\u015ft\u0131r<\/p>\n<p><strong>TELEKOM:\u00a0\u00a0\u00a0<\/strong>Organize Sanayi B\u00f6lgemizin T\u00fcrk Telekom B\u00f6lge M\u00fcd\u00fcrl\u00fc\u011f\u00fc ile protokol\u00fc bulunmakta olup 2025 y\u0131l\u0131nda firmalar\u0131m\u0131za altyap\u0131 sa\u011flanacakt\u0131r.<\/p>\n","protected":false},"excerpt":{"rendered":"<p>Tarih\u00e7e, Konum-Lojistik, Altyap\u0131, Firmalar&#8230;<\/p>\n","protected":false},"author":1,"featured_media":1281,"parent":0,"menu_order":0,"comment_status":"closed","ping_status":"closed","template":"","meta":[],"_links":{"self":[{"href":"http:\/\/www.zaferosb.com.tr\/index.php\/wp-json\/wp\/v2\/pages\/17"}],"collection":[{"href":"http:\/\/www.zaferosb.com.tr\/index.php\/wp-json\/wp\/v2\/pages"}],"about":[{"href":"http:\/\/www.zaferosb.com.tr\/index.php\/wp-json\/wp\/v2\/types\/page"}],"author":[{"embeddable":true,"href":"http:\/\/www.zaferosb.com.tr\/index.php\/wp-json\/wp\/v2\/users\/1"}],"replies":[{"embeddable":true,"href":"http:\/\/www.zaferosb.com.tr\/index.php\/wp-json\/wp\/v2\/comments?post=17"}],"version-history":[{"count":8,"href":"http:\/\/www.zaferosb.com.tr\/index.php\/wp-json\/wp\/v2\/pages\/17\/revisions"}],"predecessor-version":[{"id":1518,"href":"http:\/\/www.zaferosb.com.tr\/index.php\/wp-json\/wp\/v2\/pages\/17\/revisions\/1518"}],"wp:featuredmedia":[{"embeddable":true,"href":"http:\/\/www.zaferosb.com.tr\/index.php\/wp-json\/wp\/v2\/media\/1281"}],"wp:attachment":[{"href":"http:\/\/www.zaferosb.com.tr\/index.php\/wp-json\/wp\/v2\/media?parent=17"}],"curies":[{"name":"wp","href":"https:\/\/api.w.org\/{rel}","templated":true}]}}