{"id":1578,"date":"2026-02-04T18:06:06","date_gmt":"2026-02-04T15:06:06","guid":{"rendered":"http:\/\/www.zaferosb.com.tr\/?page_id=1578"},"modified":"2026-02-04T18:10:59","modified_gmt":"2026-02-04T15:10:59","slug":"1578-2","status":"publish","type":"page","link":"http:\/\/www.zaferosb.com.tr\/index.php\/1578-2\/","title":{"rendered":"K\u00dcTAHYA ALTINTA\u015e ZAFER ORGAN\u0130ZE SANAY\u0130 B\u00d6LGES\u0130 M\u00dcD\u00dcRL\u00dc\u011e\u00dc &#8211; Lisanss\u0131z Elektrik \u00dcretimi Ba\u015fvuru Bilgileri (12.05.2019 Tarihli Y\u00f6netmelik Kapsam\u0131nda) &#8211; EVRAK Y\u00d6N\u00dcNDEN DE\u011eERLEND\u0130RME &#8211; YAYINLAMA TAR\u0130H\u0130 21\/01\/2026"},"content":{"rendered":"\n<div class=\"wp-block-group is-layout-constrained\"><div class=\"wp-block-group__inner-container\">\n<figure class=\"wp-block-table has-medium-font-size\"><table><tbody><tr><td colspan=\"13\"><\/td><\/tr><tr><td>S\u0131ra No<\/td><td>Ba\u015fvuru Tarihi<\/td><td>Ba\u015fvuru No<\/td><td>Santral Ad\u0131<\/td><td>Kurulu G\u00fcc\u00fc<br>(MW)<\/td><td>Kaynak T\u00fcr\u00fc<\/td><td>Santralin Adresi<\/td><td>Firma\/\u015eah\u0131s Ad\u0131<\/td><td>Abone\/M\u00fc\u015fteri Numaras\u0131<\/td><td>De\u011ferlendirme Sonucu<\/td><td>Sonu\u00e7<\/td><td>Sonu\u00e7 Olumsuz \u0130se Gerek\u00e7esi<\/td><td>Ba\u011flant\u0131 Anla\u015fmas\u0131 imzalanmas\u0131na ra\u011fmen s\u00fcresi dolan ve evraklar\u0131 iade edilen ba\u015fvurular ve gerek\u00e7eleri<\/td><\/tr><tr><td>1<\/td><td>31.12.2025<\/td><td>1<\/td><td>EUROPEN K\u00dcTAHYA GES<\/td><td>7,35<\/td><td>G\u00dcNE\u015e<\/td><td>Sevdi\u011fin k\u00f6y\u00fc 8. cadde no:2 Alt\u0131nta\u015f\/K\u00dcTAHYA<\/td><td>EUROPEN END\u00dcSTR\u0130 \u0130N\u015eAAT SAN. VE T\u0130C. A.\u015e.<\/td><td>E-010<\/td><td>Evrak Y\u00f6n\u00fcnden De\u011ferlendirme Yap\u0131lm\u0131\u015ft\u0131r. Eksik Evrak Yoktur.<\/td><td>Olumlu<\/td><td>&nbsp;<\/td><td>&nbsp;<\/td><\/tr><\/tbody><\/table><\/figure>\n<\/div><\/div>\n","protected":false},"excerpt":{"rendered":"<p>S\u0131ra No Ba\u015fvuru Tarihi Ba\u015fvuru No Santral Ad\u0131 Kurulu G\u00fcc\u00fc(MW) Kaynak T\u00fcr\u00fc Santralin Adresi Firma\/\u015eah\u0131s Ad\u0131 Abone\/M\u00fc\u015fteri Numaras\u0131 De\u011ferlendirme Sonucu Sonu\u00e7 Sonu\u00e7 Olumsuz \u0130se Gerek\u00e7esi Ba\u011flant\u0131 Anla\u015fmas\u0131 imzalanmas\u0131na ra\u011fmen s\u00fcresi &#8230;<\/p>\n","protected":false},"author":1,"featured_media":1479,"parent":0,"menu_order":0,"comment_status":"closed","ping_status":"closed","template":"template-frontpage.php","meta":[],"_links":{"self":[{"href":"http:\/\/www.zaferosb.com.tr\/index.php\/wp-json\/wp\/v2\/pages\/1578"}],"collection":[{"href":"http:\/\/www.zaferosb.com.tr\/index.php\/wp-json\/wp\/v2\/pages"}],"about":[{"href":"http:\/\/www.zaferosb.com.tr\/index.php\/wp-json\/wp\/v2\/types\/page"}],"author":[{"embeddable":true,"href":"http:\/\/www.zaferosb.com.tr\/index.php\/wp-json\/wp\/v2\/users\/1"}],"replies":[{"embeddable":true,"href":"http:\/\/www.zaferosb.com.tr\/index.php\/wp-json\/wp\/v2\/comments?post=1578"}],"version-history":[{"count":3,"href":"http:\/\/www.zaferosb.com.tr\/index.php\/wp-json\/wp\/v2\/pages\/1578\/revisions"}],"predecessor-version":[{"id":1582,"href":"http:\/\/www.zaferosb.com.tr\/index.php\/wp-json\/wp\/v2\/pages\/1578\/revisions\/1582"}],"wp:featuredmedia":[{"embeddable":true,"href":"http:\/\/www.zaferosb.com.tr\/index.php\/wp-json\/wp\/v2\/media\/1479"}],"wp:attachment":[{"href":"http:\/\/www.zaferosb.com.tr\/index.php\/wp-json\/wp\/v2\/media?parent=1578"}],"curies":[{"name":"wp","href":"https:\/\/api.w.org\/{rel}","templated":true}]}}