{"id":1572,"date":"2026-02-04T17:57:19","date_gmt":"2026-02-04T14:57:19","guid":{"rendered":"http:\/\/www.zaferosb.com.tr\/?page_id=1572"},"modified":"2026-02-04T18:00:33","modified_gmt":"2026-02-04T15:00:33","slug":"kutahya-altintas-zafer-organize-sanayi-bolgesi-mudurlugu-lisanssiz-elektrik-uretimi-basvuru-bilgileri-12-05-2019-tarihli-yonetmelik-kapsaminda-evrak-yonunden-degerlendirme-yayinlama-tarihi-21","status":"publish","type":"page","link":"http:\/\/www.zaferosb.com.tr\/index.php\/kutahya-altintas-zafer-organize-sanayi-bolgesi-mudurlugu-lisanssiz-elektrik-uretimi-basvuru-bilgileri-12-05-2019-tarihli-yonetmelik-kapsaminda-evrak-yonunden-degerlendirme-yayinlama-tarihi-21\/","title":{"rendered":"K\u00dcTAHYA ALTINTA\u015e ZAFER ORGAN\u0130ZE SANAY\u0130 B\u00d6LGES\u0130 M\u00dcD\u00dcRL\u00dc\u011e\u00dc &#8211; Lisanss\u0131z Elektrik \u00dcretimi Ba\u015fvuru Bilgileri (12.05.2019 Tarihli Y\u00f6netmelik Kapsam\u0131nda) &#8211; EVRAK Y\u00d6N\u00dcNDEN DE\u011eERLEND\u0130RME &#8211; YAYINLAMA TAR\u0130H\u0130 21\/01\/2026"},"content":{"rendered":"<table width=\"2159\">\n<tbody>\n<tr>\n<td width=\"58\">S\u0131ra No<\/td>\n<td width=\"109\">Ba\u015fvuru Tarihi<\/td>\n<td width=\"89\">Ba\u015fvuru No<\/td>\n<td width=\"161\">Santral Ad\u0131<\/td>\n<td width=\"96\">Kurulu G\u00fcc\u00fc<br>(MW)<\/td>\n<td width=\"97\">Kaynak T\u00fcr\u00fc<\/td>\n<td width=\"186\">Santralin Adresi<\/td>\n<td width=\"299\">Firma\/\u015eah\u0131s Ad\u0131<\/td>\n<td width=\"204\">Abone\/M\u00fc\u015fteri Numaras\u0131<\/td>\n<td width=\"174\">De\u011ferlendirme Sonucu<\/td>\n<td width=\"190\">Sonu\u00e7<\/td>\n<td width=\"190\">Sonu\u00e7 Olumsuz \u0130se Gerek\u00e7esi<\/td>\n<td width=\"306\">Ba\u011flant\u0131 Anla\u015fmas\u0131 imzalanmas\u0131na ra\u011fmen s\u00fcresi dolan ve evraklar\u0131 iade edilen ba\u015fvurular ve gerek\u00e7eleri<\/td>\n<\/tr>\n<tr>\n<td>1<\/td>\n<td>31.12.2025<\/td>\n<td>1<\/td>\n<td>EUROPEN K\u00dcTAHYA GES<\/td>\n<td>7,35<\/td>\n<td>G\u00dcNE\u015e<\/td>\n<td width=\"186\">Sevdi\u011fin k\u00f6y\u00fc 8. cadde no:2 Alt\u0131nta\u015f\/K\u00dcTAHYA<\/td>\n<td>EUROPEN END\u00dcSTR\u0130 \u0130N\u015eAAT SAN. VE T\u0130C. A.\u015e.<\/td>\n<td>E-010<\/td>\n<td width=\"174\">Evrak Y\u00f6n\u00fcnden De\u011ferlendirme Yap\u0131lm\u0131\u015ft\u0131r. Eksik Evrak Yoktur.<\/td>\n<td>Olumlu<\/td>\n<td>&nbsp;<\/td>\n<td>&nbsp;<\/td>\n<\/tr>\n<\/tbody>\n<\/table>\n\n\n<h2 class=\"wp-block-heading\"><\/h2>\n\n\n\n<div class=\"wp-duotone-36345d-abaaaa-2 wp-block-cover alignfull is-light\" style=\"margin-top:0;padding-top:5vw;padding-right:5vw;padding-bottom:5vw;padding-left:5vw\"><span aria-hidden=\"true\" class=\"wp-block-cover__background has-background-dim-60 has-background-dim\" style=\"background-color:#c2b7a4\"><\/span><img decoding=\"async\" class=\"wp-block-cover__image-background wp-image-334\" alt=\"\" src=\"https:\/\/pd.w.org\/2022\/01\/95161f850d22f0c06.37817431.jpg\" style=\"object-position:50% 5%\" data-object-fit=\"cover\" data-object-position=\"50% 5%\"\/><div class=\"wp-block-cover__inner-container\">\n<div style=\"height:48px\" aria-hidden=\"true\" class=\"wp-block-spacer\"><\/div>\n\n\n\n<div class=\"wp-block-group is-vertical is-content-justification-center is-nowrap is-layout-flex wp-container-1\">\n<p class=\"has-text-align-right has-text-color\" style=\"color:#c8c4d3;font-size:148px;font-style:normal;font-weight:300;letter-spacing:-4px;line-height:0.8;text-transform:uppercase\">DJANGO<\/p>\n\n\n\n<p class=\"has-text-align-right has-text-color\" style=\"color:#ac94b2;font-size:148px;font-style:normal;font-weight:300;letter-spacing:-4px;line-height:0.8;text-transform:uppercase\">DJANGO<\/p>\n\n\n\n<p class=\"has-text-align-right has-text-color\" style=\"color:#71689c;font-size:148px;font-style:normal;font-weight:300;letter-spacing:-4px;line-height:0.8;text-transform:uppercase\">DJANGO<\/p>\n\n\n\n<p class=\"has-text-align-right has-text-color\" style=\"color:#444178;font-size:148px;font-style:normal;font-weight:300;letter-spacing:-4px;line-height:0.8;text-transform:uppercase\">DJANGO<\/p>\n<\/div>\n\n\n\n<div style=\"height:48px\" aria-hidden=\"true\" class=\"wp-block-spacer\"><\/div>\n<\/div><\/div>\n\n\n\n<div class=\"wp-block-query is-layout-flow\"><ul class=\"wp-block-post-template is-layout-flow\"><li class=\"wp-block-post post-1562 post type-post status-publish format-standard hentry category-genel\">\n\n<div class=\"wp-block-columns alignwide is-layout-flex wp-container-5\">\n<div class=\"wp-block-column is-layout-flow\" style=\"flex-basis:66.66%\"><\/div>\n\n\n\n<div class=\"wp-block-column is-layout-flow\" style=\"flex-basis:33.33%\">\n\n<div class=\"wp-block-post-excerpt\"><p class=\"wp-block-post-excerpt__excerpt\">K\u00dcTAHYA ALTINTA\u015e ZAFER ORGAN\u0130ZE SANAY\u0130 B\u00d6LGES\u0130 M\u00dcD\u00dcRL\u00dc\u011e\u00dc &#8211; Lisanss\u0131z Elektrik \u00dcretimi Ba\u015fvuru Bilgileri (12.05.2019 Tarihli Y\u00f6netmelik Kapsam\u0131nda) &#8211; EVRAK Y\u00d6N\u00dcNDEN DE\u011eERLEND\u0130RME &#8211; YAYINLAMA TAR\u0130H\u0130 21\/01\/2026 S\u0131ra No Ba\u015fvuru Tarihi Ba\u015fvuru &#8230; <\/p><\/div><\/div>\n<\/div>\n\n<\/li><li class=\"wp-block-post post-1486 post type-post status-publish format-standard has-post-thumbnail hentry category-genel\">\n\n<div class=\"wp-block-columns alignwide is-layout-flex wp-container-8\">\n<div class=\"wp-block-column is-layout-flow\" style=\"flex-basis:66.66%\"><figure class=\"wp-block-post-featured-image\"><a href=\"http:\/\/www.zaferosb.com.tr\/index.php\/2023\/10\/21\/1486\/\" target=\"_self\"  ><img width=\"1200\" height=\"800\" src=\"http:\/\/www.zaferosb.com.tr\/wp-content\/uploads\/2020\/09\/1I5A5974_2000x1333.jpeg\" class=\"attachment-post-thumbnail size-post-thumbnail wp-post-image\" alt=\"Ba\u015fl\u0131ks\u0131z yaz\u0131 1486\" decoding=\"async\" loading=\"lazy\" srcset=\"http:\/\/www.zaferosb.com.tr\/wp-content\/uploads\/2020\/09\/1I5A5974_2000x1333.jpeg 1200w, http:\/\/www.zaferosb.com.tr\/wp-content\/uploads\/2020\/09\/1I5A5974_2000x1333-300x200.jpeg 300w, http:\/\/www.zaferosb.com.tr\/wp-content\/uploads\/2020\/09\/1I5A5974_2000x1333-768x512.jpeg 768w, http:\/\/www.zaferosb.com.tr\/wp-content\/uploads\/2020\/09\/1I5A5974_2000x1333-1024x683.jpeg 1024w\" sizes=\"(max-width: 1200px) 100vw, 1200px\" \/><\/a><\/figure><\/div>\n\n\n\n<div class=\"wp-block-column is-layout-flow\" style=\"flex-basis:33.33%\">\n\n<div class=\"wp-block-post-excerpt\"><p class=\"wp-block-post-excerpt__excerpt\">07.10.2024 \u2013 31.10.2024 TAR\u0130HLER\u0130 ARASINDA ZAFER OSB&#8217;DE ARSA TAHS\u0130S\u0130 YAPILACAK PARSELLERE \u0130L\u0130\u015eK\u0130N DUYURU &nbsp;Organize Sanayi B\u00f6lgeleri Uygulama Y\u00f6netmeli\u011finin \u201cArsa Tahsisi\u201d ba\u015fl\u0131kl\u0131 55 inci maddesi kapsam\u0131nda K\u00fctahya Alt\u0131nta\u015f Zafer OSB\u2019de tahsis &#8230; <\/p><\/div><\/div>\n<\/div>\n\n<\/li><\/ul><\/div>\n","protected":false},"excerpt":{"rendered":"<p>S\u0131ra No Ba\u015fvuru Tarihi Ba\u015fvuru No Santral Ad\u0131 Kurulu G\u00fcc\u00fc(MW) Kaynak T\u00fcr\u00fc Santralin Adresi Firma\/\u015eah\u0131s Ad\u0131 Abone\/M\u00fc\u015fteri Numaras\u0131 De\u011ferlendirme Sonucu Sonu\u00e7 Sonu\u00e7 Olumsuz \u0130se Gerek\u00e7esi Ba\u011flant\u0131 Anla\u015fmas\u0131 imzalanmas\u0131na ra\u011fmen s\u00fcresi &#8230;<\/p>\n","protected":false},"author":1,"featured_media":0,"parent":0,"menu_order":0,"comment_status":"closed","ping_status":"closed","template":"","meta":[],"_links":{"self":[{"href":"http:\/\/www.zaferosb.com.tr\/index.php\/wp-json\/wp\/v2\/pages\/1572"}],"collection":[{"href":"http:\/\/www.zaferosb.com.tr\/index.php\/wp-json\/wp\/v2\/pages"}],"about":[{"href":"http:\/\/www.zaferosb.com.tr\/index.php\/wp-json\/wp\/v2\/types\/page"}],"author":[{"embeddable":true,"href":"http:\/\/www.zaferosb.com.tr\/index.php\/wp-json\/wp\/v2\/users\/1"}],"replies":[{"embeddable":true,"href":"http:\/\/www.zaferosb.com.tr\/index.php\/wp-json\/wp\/v2\/comments?post=1572"}],"version-history":[{"count":3,"href":"http:\/\/www.zaferosb.com.tr\/index.php\/wp-json\/wp\/v2\/pages\/1572\/revisions"}],"predecessor-version":[{"id":1576,"href":"http:\/\/www.zaferosb.com.tr\/index.php\/wp-json\/wp\/v2\/pages\/1572\/revisions\/1576"}],"wp:attachment":[{"href":"http:\/\/www.zaferosb.com.tr\/index.php\/wp-json\/wp\/v2\/media?parent=1572"}],"curies":[{"name":"wp","href":"https:\/\/api.w.org\/{rel}","templated":true}]}}