{"id":1322,"date":"2017-02-15T10:11:56","date_gmt":"2017-02-15T07:11:56","guid":{"rendered":"http:\/\/omersavas.com\/zaferosb\/?page_id=1322"},"modified":"2024-10-16T20:27:12","modified_gmt":"2024-10-16T17:27:12","slug":"yonetim-kurulu","status":"publish","type":"page","link":"http:\/\/www.zaferosb.com.tr\/index.php\/yonetim-kurulu\/","title":{"rendered":"Y\u00f6netim Kurulu"},"content":{"rendered":"<ul style=\"list-style: none;\">\n<li class=\"views-row views-row-1 views-row-odd views-row-first\"><img decoding=\"async\" loading=\"lazy\" class=\"wp-image-1404 aligncenter\" src=\"http:\/\/www.zaferosb.com.tr\/wp-content\/uploads\/2017\/02\/Vali-Musa-I\u015f\u0131n-300x300.jpg\" alt=\"\" width=\"257\" height=\"257\" srcset=\"http:\/\/www.zaferosb.com.tr\/wp-content\/uploads\/2017\/02\/Vali-Musa-I\u015f\u0131n-300x300.jpg 300w, http:\/\/www.zaferosb.com.tr\/wp-content\/uploads\/2017\/02\/Vali-Musa-I\u015f\u0131n-150x150.jpg 150w, http:\/\/www.zaferosb.com.tr\/wp-content\/uploads\/2017\/02\/Vali-Musa-I\u015f\u0131n.jpg 400w\" sizes=\"(max-width: 257px) 100vw, 257px\" \/><\/li>\n<\/ul>\n<h6 style=\"text-align: center;\">musa I\u015eIN<\/h6>\n<h6 style=\"text-align: center;\">\u00a0K\u00dctahya valisi<\/h6>\n<h6 style=\"text-align: center;\">Y\u00f6netim Kurulu Ba\u015fkan\u0131<\/h6>\n<ul style=\"list-style: none;\">\n<li class=\"views-row views-row-1 views-row-odd views-row-first\" style=\"text-align: center;\">\n<ul style=\"list-style: none;\">\n<li class=\"views-row views-row-2 views-row-even\"><\/li>\n<li class=\"views-row views-row-2 views-row-even\"><\/li>\n<li class=\"views-row views-row-3 views-row-odd\" style=\"text-align: center;\">\n<h6><img decoding=\"async\" loading=\"lazy\" class=\"wp-image-1405 aligncenter\" src=\"http:\/\/www.zaferosb.com.tr\/wp-content\/uploads\/2017\/02\/esin-han\u0131m-300x169.jpg\" alt=\"\" width=\"321\" height=\"181\" srcset=\"http:\/\/www.zaferosb.com.tr\/wp-content\/uploads\/2017\/02\/esin-han\u0131m-300x169.jpg 300w, http:\/\/www.zaferosb.com.tr\/wp-content\/uploads\/2017\/02\/esin-han\u0131m-768x432.jpg 768w, http:\/\/www.zaferosb.com.tr\/wp-content\/uploads\/2017\/02\/esin-han\u0131m-1024x576.jpg 1024w, http:\/\/www.zaferosb.com.tr\/wp-content\/uploads\/2017\/02\/esin-han\u0131m.jpg 1200w\" sizes=\"(max-width: 321px) 100vw, 321px\" \/>Esin G\u00dcRAL ARGAT<\/h6>\n<\/li>\n<\/ul>\n<\/li>\n<\/ul>\n<h6 style=\"text-align: center;\"><span class=\"views-field views-field-field-mesle-i\"><span class=\"views-label views-label-field-mesle-i\">\u00a0 \u00a0 \u00a0 \u00a0 \u00a0K\u00fctahya Ticaret ve Sanayi Odas\u0131 Ba\u015fkan\u0131<\/span>\u00a0<\/span><\/h6>\n<h6 style=\"text-align: center;\"><span class=\"views-field views-field-field-g-revi\"><span class=\"views-label views-label-field-g-revi\">\u00a0 \u00a0 \u00a0Y\u00f6netim Kurulu BA\u015eKAN VEK\u0130L\u0130<\/span><\/span><\/h6>\n<ul style=\"list-style: none;\">\n<li class=\"views-row views-row-1 views-row-odd views-row-first\" style=\"text-align: center;\"><img decoding=\"async\" loading=\"lazy\" class=\"alignnone size-medium wp-image-1501\" src=\"http:\/\/www.zaferosb.com.tr\/wp-content\/uploads\/2024\/10\/hikmet-tunc-300x225.jpeg\" alt=\"\" width=\"300\" height=\"225\" srcset=\"http:\/\/www.zaferosb.com.tr\/wp-content\/uploads\/2024\/10\/hikmet-tunc-300x225.jpeg 300w, http:\/\/www.zaferosb.com.tr\/wp-content\/uploads\/2024\/10\/hikmet-tunc-1024x768.jpeg 1024w, http:\/\/www.zaferosb.com.tr\/wp-content\/uploads\/2024\/10\/hikmet-tunc-768x576.jpeg 768w, http:\/\/www.zaferosb.com.tr\/wp-content\/uploads\/2024\/10\/hikmet-tunc-1536x1152.jpeg 1536w, http:\/\/www.zaferosb.com.tr\/wp-content\/uploads\/2024\/10\/hikmet-tunc.jpeg 1600w\" sizes=\"(max-width: 300px) 100vw, 300px\" \/><\/li>\n<li class=\"views-row views-row-1 views-row-odd views-row-first\" style=\"text-align: center;\">\n<ul style=\"list-style: none;\">\n<li class=\"views-row views-row-1 views-row-odd views-row-first\" style=\"text-align: center;\">\n<h6>H\u0130KMET TUN\u00c7<\/h6>\n<\/li>\n<\/ul>\n<h6 style=\"text-align: center;\"><span class=\"views-field views-field-field-mesle-i\"><span class=\"views-label views-label-field-mesle-i\">ALTINTA\u015e BELED\u0130YE BA\u015eKANI<\/span><\/span><\/h6>\n<h6 style=\"text-align: center;\"><span class=\"views-field views-field-field-g-revi\"><span class=\"field-content\">Y\u00f6netim Kurulu \u00dcyesi<\/span><\/span><\/h6>\n<\/li>\n<li class=\"views-row views-row-1 views-row-odd views-row-first\" style=\"text-align: center;\"><img decoding=\"async\" loading=\"lazy\" class=\"alignnone size-medium wp-image-1502\" src=\"http:\/\/www.zaferosb.com.tr\/wp-content\/uploads\/2024\/10\/MUCAHIT_ERACAR1-300x221.jpg\" alt=\"\" width=\"300\" height=\"221\" srcset=\"http:\/\/www.zaferosb.com.tr\/wp-content\/uploads\/2024\/10\/MUCAHIT_ERACAR1-300x221.jpg 300w, http:\/\/www.zaferosb.com.tr\/wp-content\/uploads\/2024\/10\/MUCAHIT_ERACAR1.jpg 750w\" sizes=\"(max-width: 300px) 100vw, 300px\" \/><\/li>\n<li class=\"views-row views-row-1 views-row-odd views-row-first\" style=\"text-align: center;\">\n<h6>\u00a0M\u00dcCAH\u0130T ERACAR<\/h6>\n<\/li>\n<\/ul>\n<h6 style=\"text-align: center;\"><span class=\"views-field views-field-field-mesle-i\"><span class=\"views-label views-label-field-mesle-i\">\u0130l \u00d6zel \u0130daresi- Genel Sekreteri<\/span><\/span><\/h6>\n<h6 style=\"text-align: center;\"><span class=\"views-field views-field-field-g-revi\"><span class=\"field-content\">Y\u00f6netim Kurulu \u00dcyesi<\/span><\/span><\/h6>\n<ul style=\"list-style: none;\">\n<li class=\"views-row views-row-1 views-row-odd views-row-first\"><img decoding=\"async\" loading=\"lazy\" class=\"wp-image-1407 aligncenter\" src=\"http:\/\/www.zaferosb.com.tr\/wp-content\/uploads\/2017\/02\/1608723839464-300x300.jpg\" alt=\"\" width=\"258\" height=\"258\" srcset=\"http:\/\/www.zaferosb.com.tr\/wp-content\/uploads\/2017\/02\/1608723839464-300x300.jpg 300w, http:\/\/www.zaferosb.com.tr\/wp-content\/uploads\/2017\/02\/1608723839464-150x150.jpg 150w, http:\/\/www.zaferosb.com.tr\/wp-content\/uploads\/2017\/02\/1608723839464.jpg 367w\" sizes=\"(max-width: 258px) 100vw, 258px\" \/><\/li>\n<\/ul>\n<h6 style=\"text-align: center;\"><span class=\"views-field views-field-title\"><span class=\"views-label views-label-title\">\u00a0M.Selman HAT\u0130PO\u011eLU<\/span><\/span><\/h6>\n<h6 style=\"text-align: center;\"><span class=\"views-field views-field-field-mesle-i\"><span class=\"views-label views-label-field-mesle-i\">K\u00fctahya Ticaret ve Sanayi Odas\u0131-Y\u00f6n.Kur.B\u015fk.Yard.<\/span><\/span><br \/>\n<span class=\"views-field views-field-field-g-revi\"><span class=\"views-label views-label-field-g-revi\">\u00a0<\/span><span class=\"field-content\">Y\u00f6netim Kurulu \u00dcyesi<\/span><\/span><\/h6>\n","protected":false},"excerpt":{"rendered":"<p>musa I\u015eIN \u00a0K\u00dctahya valisi Y\u00f6netim Kurulu Ba\u015fkan\u0131 Esin G\u00dcRAL ARGAT \u00a0 \u00a0 \u00a0 \u00a0 \u00a0K\u00fctahya Ticaret ve Sanayi Odas\u0131 Ba\u015fkan\u0131\u00a0 \u00a0 \u00a0 \u00a0Y\u00f6netim Kurulu BA\u015eKAN VEK\u0130L\u0130 H\u0130KMET TUN\u00c7 ALTINTA\u015e BELED\u0130YE &#8230;<\/p>\n","protected":false},"author":1,"featured_media":0,"parent":0,"menu_order":0,"comment_status":"closed","ping_status":"closed","template":"","meta":[],"_links":{"self":[{"href":"http:\/\/www.zaferosb.com.tr\/index.php\/wp-json\/wp\/v2\/pages\/1322"}],"collection":[{"href":"http:\/\/www.zaferosb.com.tr\/index.php\/wp-json\/wp\/v2\/pages"}],"about":[{"href":"http:\/\/www.zaferosb.com.tr\/index.php\/wp-json\/wp\/v2\/types\/page"}],"author":[{"embeddable":true,"href":"http:\/\/www.zaferosb.com.tr\/index.php\/wp-json\/wp\/v2\/users\/1"}],"replies":[{"embeddable":true,"href":"http:\/\/www.zaferosb.com.tr\/index.php\/wp-json\/wp\/v2\/comments?post=1322"}],"version-history":[{"count":24,"href":"http:\/\/www.zaferosb.com.tr\/index.php\/wp-json\/wp\/v2\/pages\/1322\/revisions"}],"predecessor-version":[{"id":1507,"href":"http:\/\/www.zaferosb.com.tr\/index.php\/wp-json\/wp\/v2\/pages\/1322\/revisions\/1507"}],"wp:attachment":[{"href":"http:\/\/www.zaferosb.com.tr\/index.php\/wp-json\/wp\/v2\/media?parent=1322"}],"curies":[{"name":"wp","href":"https:\/\/api.w.org\/{rel}","templated":true}]}}